{"id":9,"date":"2020-06-13T03:22:38","date_gmt":"2020-06-13T01:22:38","guid":{"rendered":"http:\/\/toolbox4sii.fr\/?page_id=9"},"modified":"2020-06-27T21:31:46","modified_gmt":"2020-06-27T19:31:46","slug":"a-propos","status":"publish","type":"page","link":"https:\/\/toolbox4sii.fr\/index.php\/a-propos\/","title":{"rendered":"\u00c0 propos"},"content":{"rendered":"\n<p>Pour l&rsquo;instant relativement seul dans le d\u00e9veloppement, j&rsquo;ai n\u00e9anmoins re\u00e7u aide, appuis et conseils d&rsquo;un certains nombres de personnes, rassembl\u00e9es principalement (mais pas exclusivement) autour de 3 listes de diffusions : <\/p>\n\n\n\n<ul><li>Une liste pour les curieux qui souhaitent se tenir au courant de l&rsquo;avancement du projet et participer aux lignes directrices du d\u00e9veloppement de mani\u00e8re d\u00e9mocratique (<a href=\"https:\/\/framalistes.org\/sympa\/subscribe\/os4upsti_curieux\">https:\/\/framalistes.org\/sympa\/subscribe\/os4upsti_curieux<\/a>) ;<\/li><li>Une liste pour les testeurs chevronn\u00e9s qui donnent des retours r\u00e9guliers sur les probl\u00e8mes techniques (<a href=\"https:\/\/framalistes.org\/sympa\/subscribe\/os4upsti_testeurs\">https:\/\/framalistes.org\/sympa\/subscribe\/os4upsti_testeurs<\/a>) ;<\/li><li>Une liste pour les d\u00e9veloppeurs : je pr\u00e9f\u00e8re que l&rsquo;adh\u00e9sion \u00e0 cette derni\u00e8re passe par une demande personnelle (pour Thibaut Kovaltchouk) : e-mail prenom.nom@gmail.com.<\/li><\/ul>\n\n\n\n<p>Le fait de citer plus particuli\u00e8rement tel ou tel membre important ne se fera pas sans leurs accords et donc une description plus d\u00e9taill\u00e9e de l&rsquo;\u00e9quipe ne se fera que au fil de l&rsquo;eau et suivant les souhaits des personnes.<\/p>\n","protected":false},"excerpt":{"rendered":"<p>Pour l&rsquo;instant relativement seul dans le d\u00e9veloppement, j&rsquo;ai n\u00e9anmoins re\u00e7u aide, appuis et conseils d&rsquo;un certains nombres de personnes, rassembl\u00e9es principalement (mais pas exclusivement) autour de 3 listes de diffusions : Une liste pour les curieux qui souhaitent se tenir au courant de l&rsquo;avancement du projet et participer aux lignes directrices du d\u00e9veloppement de mani\u00e8re &#8230; <a title=\"\u00c0 propos\" class=\"read-more\" href=\"https:\/\/toolbox4sii.fr\/index.php\/a-propos\/\" aria-label=\"En savoir plus sur \u00c0 propos\">Lire la suite<\/a><\/p>\n","protected":false},"author":1,"featured_media":0,"parent":0,"menu_order":0,"comment_status":"closed","ping_status":"closed","template":"","meta":{"om_disable_all_campaigns":false,"_monsterinsights_skip_tracking":false,"_monsterinsights_sitenote_active":false,"_monsterinsights_sitenote_note":"","_monsterinsights_sitenote_category":0},"aioseo_notices":[],"_links":{"self":[{"href":"https:\/\/toolbox4sii.fr\/index.php\/wp-json\/wp\/v2\/pages\/9"}],"collection":[{"href":"https:\/\/toolbox4sii.fr\/index.php\/wp-json\/wp\/v2\/pages"}],"about":[{"href":"https:\/\/toolbox4sii.fr\/index.php\/wp-json\/wp\/v2\/types\/page"}],"author":[{"embeddable":true,"href":"https:\/\/toolbox4sii.fr\/index.php\/wp-json\/wp\/v2\/users\/1"}],"replies":[{"embeddable":true,"href":"https:\/\/toolbox4sii.fr\/index.php\/wp-json\/wp\/v2\/comments?post=9"}],"version-history":[{"count":7,"href":"https:\/\/toolbox4sii.fr\/index.php\/wp-json\/wp\/v2\/pages\/9\/revisions"}],"predecessor-version":[{"id":372,"href":"https:\/\/toolbox4sii.fr\/index.php\/wp-json\/wp\/v2\/pages\/9\/revisions\/372"}],"wp:attachment":[{"href":"https:\/\/toolbox4sii.fr\/index.php\/wp-json\/wp\/v2\/media?parent=9"}],"curies":[{"name":"wp","href":"https:\/\/api.w.org\/{rel}","templated":true}]}}