{"id":55,"date":"2020-06-13T09:50:07","date_gmt":"2020-06-13T07:50:07","guid":{"rendered":"http:\/\/toolbox4sii.fr\/index.php\/dwqa-ask-question\/"},"modified":"2020-06-13T10:09:39","modified_gmt":"2020-06-13T08:09:39","slug":"nouveau-bug","status":"publish","type":"page","link":"https:\/\/toolbox4sii.fr\/index.php\/nouveau-bug\/","title":{"rendered":"Nouveau bug"},"content":{"rendered":"<div class=\"dwqa-container\" ><form method=\"post\" class=\"dwqa-content-edit-form\" enctype=\"multipart\/form-data\"><p class=\"dwqa-search\"><label for=\"question_title\">Titre<\/label><input type=\"text\" data-nonce=\"5887efb5a8\" id=\"question-title\" name=\"question-title\" value=\"\" tabindex=\"1\"><\/p><p><div id=\"wp-question-content-wrap\" class=\"wp-core-ui wp-editor-wrap tmce-active\"><link rel='stylesheet' id='dashicons-css' href='https:\/\/toolbox4sii.fr\/wp-includes\/css\/dashicons.min.css?ver=6.2.7' media='all' \/><link rel='stylesheet' id='editor-buttons-css' href='https:\/\/toolbox4sii.fr\/wp-includes\/css\/editor.min.css?ver=6.2.7' media='all' \/><div id=\"wp-question-content-editor-tools\" class=\"wp-editor-tools hide-if-no-js\"><div class=\"wp-editor-tabs\"><button type=\"button\" id=\"question-content-tmce\" class=\"wp-switch-editor switch-tmce\" data-wp-editor-id=\"question-content\">Visuel<\/button><button type=\"button\" id=\"question-content-html\" class=\"wp-switch-editor switch-html\" data-wp-editor-id=\"question-content\">Texte<\/button><\/div><\/div><div id=\"wp-question-content-editor-container\" class=\"wp-editor-container\"><div id=\"qt_question-content_toolbar\" class=\"quicktags-toolbar hide-if-no-js\"><\/div><textarea class=\"wp-editor-area\" rows=\"5\" autocomplete=\"off\" cols=\"40\" name=\"question-content\" id=\"question-content\"><\/textarea><\/div><\/div><\/p><p><label for=\"question-category\">Cat\u00e9gorie<\/label><select name='question-category' id='question-category' class='postform'><option value='-1'>S\u00e9lectionnez une cat\u00e9gorie de question<\/option><option class=\"level-0\" value=\"13\">Probl\u00e8mes avec Virtual Box<\/option><option class=\"level-0\" value=\"14\">Probl\u00e8mes avec Debian Buster (syst\u00e8me d&rsquo;exploitation invit\u00e9)<\/option><option class=\"level-0\" value=\"15\">Probl\u00e8mes d&rsquo;installation d&rsquo;un logiciel<\/option><option class=\"level-0\" value=\"16\">Probl\u00e8mes d&rsquo;utilisation d&rsquo;un logiciel<\/option><option class=\"level-0\" value=\"17\">Probl\u00e8me d&rsquo;activation de la virtualisation<\/option><option class=\"level-0\" value=\"18\">Autres requ\u00eates<\/option><\/select><\/p><p><label for=\"question-tag\">Tag<\/label><input type=\"text\" class=\"\" name=\"question-tag\" value=\"\" ><\/p><p><label for=\"_dwqa_anonymous_email\">Votre Email<\/label><input type=\"email\" class=\"\" name=\"_dwqa_anonymous_email\" value=\"\" ><\/p><p><label for=\"_dwqa_anonymous_name\">Votre Nom<\/label><input type=\"text\" class=\"\" name=\"_dwqa_anonymous_name\" value=\"\" ><\/p><input type=\"hidden\" id=\"_wpnonce\" name=\"_wpnonce\" value=\"7477dd6df7\" \/><input type=\"hidden\" name=\"_wp_http_referer\" value=\"\/index.php\/wp-json\/wp\/v2\/pages\/55\" \/><input type=\"submit\" name=\"dwqa-question-submit\" value=\"Envoyer\" ><\/form><\/div>\n","protected":false},"excerpt":{"rendered":"<div class=\"dwqa-container\" ><form method=\"post\" class=\"dwqa-content-edit-form\" enctype=\"multipart\/form-data\"><p class=\"dwqa-search\"><label for=\"question_title\">Titre<\/label><input type=\"text\" data-nonce=\"5887efb5a8\" id=\"question-title\" name=\"question-title\" value=\"\" tabindex=\"1\"><\/p><p><div id=\"wp-question-content-wrap\" class=\"wp-core-ui wp-editor-wrap tmce-active\"><div id=\"wp-question-content-editor-tools\" class=\"wp-editor-tools hide-if-no-js\"><div class=\"wp-editor-tabs\"><button type=\"button\" id=\"question-content-tmce\" class=\"wp-switch-editor switch-tmce\" data-wp-editor-id=\"question-content\">Visuel<\/button><button type=\"button\" id=\"question-content-html\" class=\"wp-switch-editor switch-html\" data-wp-editor-id=\"question-content\">Texte<\/button><\/div><\/div><div id=\"wp-question-content-editor-container\" class=\"wp-editor-container\"><div id=\"qt_question-content_toolbar\" class=\"quicktags-toolbar hide-if-no-js\"><\/div><textarea class=\"wp-editor-area\" rows=\"5\" autocomplete=\"off\" cols=\"40\" name=\"question-content\" id=\"question-content\"><\/textarea><\/div><\/div><\/p><p><label for=\"question-category\">Cat\u00e9gorie<\/label><select name='question-category' id='question-category' class='postform'><option value='-1'>S\u00e9lectionnez une cat\u00e9gorie de question<\/option><option class=\"level-0\" value=\"13\">Probl\u00e8mes avec Virtual Box<\/option><option class=\"level-0\" value=\"14\">Probl\u00e8mes avec Debian Buster (syst\u00e8me d&rsquo;exploitation invit\u00e9)<\/option><option class=\"level-0\" value=\"15\">Probl\u00e8mes d&rsquo;installation d&rsquo;un logiciel<\/option><option class=\"level-0\" value=\"16\">Probl\u00e8mes d&rsquo;utilisation d&rsquo;un logiciel<\/option><option class=\"level-0\" value=\"17\">Probl\u00e8me d&rsquo;activation de la virtualisation<\/option><option class=\"level-0\" value=\"18\">Autres requ\u00eates<\/option><\/select><\/p><p><label for=\"question-tag\">Tag<\/label><input type=\"text\" class=\"\" name=\"question-tag\" value=\"\" ><\/p><p><label for=\"_dwqa_anonymous_email\">Votre Email<\/label><input type=\"email\" class=\"\" name=\"_dwqa_anonymous_email\" value=\"\" ><\/p><p><label for=\"_dwqa_anonymous_name\">Votre Nom<\/label><input type=\"text\" class=\"\" name=\"_dwqa_anonymous_name\" value=\"\" ><\/p><input type=\"hidden\" id=\"_wpnonce\" name=\"_wpnonce\" value=\"7477dd6df7\" \/><input type=\"hidden\" name=\"_wp_http_referer\" value=\"\/index.php\/wp-json\/wp\/v2\/pages\/55\" \/><input type=\"submit\" name=\"dwqa-question-submit\" value=\"Envoyer\" ><\/form><\/div>\n","protected":false},"author":2,"featured_media":0,"parent":0,"menu_order":0,"comment_status":"closed","ping_status":"closed","template":"","meta":{"om_disable_all_campaigns":false,"_monsterinsights_skip_tracking":false,"_monsterinsights_sitenote_active":false,"_monsterinsights_sitenote_note":"","_monsterinsights_sitenote_category":0},"aioseo_notices":[],"_links":{"self":[{"href":"https:\/\/toolbox4sii.fr\/index.php\/wp-json\/wp\/v2\/pages\/55"}],"collection":[{"href":"https:\/\/toolbox4sii.fr\/index.php\/wp-json\/wp\/v2\/pages"}],"about":[{"href":"https:\/\/toolbox4sii.fr\/index.php\/wp-json\/wp\/v2\/types\/page"}],"author":[{"embeddable":true,"href":"https:\/\/toolbox4sii.fr\/index.php\/wp-json\/wp\/v2\/users\/2"}],"replies":[{"embeddable":true,"href":"https:\/\/toolbox4sii.fr\/index.php\/wp-json\/wp\/v2\/comments?post=55"}],"version-history":[{"count":1,"href":"https:\/\/toolbox4sii.fr\/index.php\/wp-json\/wp\/v2\/pages\/55\/revisions"}],"predecessor-version":[{"id":58,"href":"https:\/\/toolbox4sii.fr\/index.php\/wp-json\/wp\/v2\/pages\/55\/revisions\/58"}],"wp:attachment":[{"href":"https:\/\/toolbox4sii.fr\/index.php\/wp-json\/wp\/v2\/media?parent=55"}],"curies":[{"name":"wp","href":"https:\/\/api.w.org\/{rel}","templated":true}]}}