{"id":2,"date":"2020-06-13T02:25:16","date_gmt":"2020-06-13T00:25:16","guid":{"rendered":"http:\/\/toolbox4sii.fr\/?page_id=2"},"modified":"2020-06-28T00:22:49","modified_gmt":"2020-06-27T22:22:49","slug":"page-d-exemple","status":"publish","type":"page","link":"https:\/\/toolbox4sii.fr\/","title":{"rendered":"Toolbox4SII : la boite \u00e0 outil pour les Sciences Industrielles de l&rsquo;Ing\u00e9nieur"},"content":{"rendered":"\n<p>Toolbox4SII est un projet ambitieux lanc\u00e9 par une poign\u00e9e de professeurs en sciences de l&rsquo;ing\u00e9nieur (au sens large, du pr\u00e9-bac au post-bac) ayant constat\u00e9 suite au confinement la difficult\u00e9 que peuvent avoir les \u00e9l\u00e8ves et les \u00e9tudiants \u00e0 utiliser certains outils num\u00e9riques habituellement utilis\u00e9s dans nos laboratoires.<\/p>\n\n\n\n<p>Ce projet a donc pour but d&rsquo;aider apprenants et enseignants avec une plateforme d&rsquo;\u00e9change sur des outils num\u00e9riques libres et multi-plateformes (d&rsquo;o\u00f9 le nom du projet : Toolbox4SII).<\/p>\n\n\n\n<p>Certains syst\u00e8mes d&rsquo;exploitation propri\u00e9taires laissent peu de place \u00e0 ces solutions open-sources, et condamnent par la m\u00eame leurs clients \u00e0 ne pas pouvoir utiliser des outils d\u00e9velopp\u00e9s ouvertement (et parfois b\u00e9n\u00e9volement). Le projet va donc \u00e9galement proposer un <a href=\"https:\/\/toolbox4sii.fr\/index.php\/faq\/?Display_FAQ=146\">syst\u00e8me d&rsquo;exploitation <\/a><a rel=\"noreferrer noopener\" href=\"https:\/\/toolbox4sii.fr\/index.php\/faq\/?Display_FAQ=146\" target=\"_blank\">GNU<\/a><a href=\"https:\/\/toolbox4sii.fr\/index.php\/faq\/?Display_FAQ=146\">\/Linux<\/a> r\u00e9cent et fonctionnel embarquant une interface facilitant l&rsquo;installation des <a rel=\"noreferrer noopener\" href=\"https:\/\/toolbox4sii.fr\/index.php\/wiki-toolbox4sii\/listes-de-lensemble-des-logiciels-prevus-pour-linstant\/\" target=\"_blank\">principaux logiciels gratuits et ouverts<\/a> pouvant \u00eatre utilis\u00e9s en Sciences Industrielles de l&rsquo;Ing\u00e9nieur. Pour t\u00e9l\u00e9charger cette machine virtuelle, possiblement installable sur n&rsquo;importe quelle machine (PC ou mac), il suffit de suivre <a href=\"https:\/\/toolbox4sii.fr\/index.php\/telechargements\/\" target=\"_blank\" rel=\"noreferrer noopener\">ce lien l\u00e0<\/a>.<\/p>\n\n\n\n<figure class=\"wp-block-image size-large\"><img decoding=\"async\" loading=\"lazy\" width=\"800\" height=\"562\" src=\"https:\/\/toolbox4sii.fr\/wp-content\/uploads\/2020\/06\/Capture_decran_2020-06-27_a_20.14.32.png\" alt=\"\" class=\"wp-image-361\" srcset=\"https:\/\/toolbox4sii.fr\/wp-content\/uploads\/2020\/06\/Capture_decran_2020-06-27_a_20.14.32.png 800w, https:\/\/toolbox4sii.fr\/wp-content\/uploads\/2020\/06\/Capture_decran_2020-06-27_a_20.14.32-300x211.png 300w, https:\/\/toolbox4sii.fr\/wp-content\/uploads\/2020\/06\/Capture_decran_2020-06-27_a_20.14.32-768x540.png 768w\" sizes=\"(max-width: 800px) 100vw, 800px\" \/><figcaption>Exemple d&rsquo;int\u00e9gration de la Toolbox4SII dans MacOS Catalina<br><\/figcaption><\/figure>\n","protected":false},"excerpt":{"rendered":"<p>Toolbox4SII est un projet ambitieux lanc\u00e9 par une poign\u00e9e de professeurs en sciences de l&rsquo;ing\u00e9nieur (au sens large, du pr\u00e9-bac au post-bac) ayant constat\u00e9 suite au confinement la difficult\u00e9 que peuvent avoir les \u00e9l\u00e8ves et les \u00e9tudiants \u00e0 utiliser certains outils num\u00e9riques habituellement utilis\u00e9s dans nos laboratoires. Ce projet a donc pour but d&rsquo;aider apprenants &#8230; <a title=\"Toolbox4SII : la boite \u00e0 outil pour les Sciences Industrielles de l&rsquo;Ing\u00e9nieur\" class=\"read-more\" href=\"https:\/\/toolbox4sii.fr\/\" aria-label=\"En savoir plus sur Toolbox4SII : la boite \u00e0 outil pour les Sciences Industrielles de l&rsquo;Ing\u00e9nieur\">Lire la suite<\/a><\/p>\n","protected":false},"author":1,"featured_media":0,"parent":0,"menu_order":0,"comment_status":"closed","ping_status":"open","template":"","meta":{"om_disable_all_campaigns":false,"_monsterinsights_skip_tracking":false,"_monsterinsights_sitenote_active":false,"_monsterinsights_sitenote_note":"","_monsterinsights_sitenote_category":0},"aioseo_notices":[],"_links":{"self":[{"href":"https:\/\/toolbox4sii.fr\/index.php\/wp-json\/wp\/v2\/pages\/2"}],"collection":[{"href":"https:\/\/toolbox4sii.fr\/index.php\/wp-json\/wp\/v2\/pages"}],"about":[{"href":"https:\/\/toolbox4sii.fr\/index.php\/wp-json\/wp\/v2\/types\/page"}],"author":[{"embeddable":true,"href":"https:\/\/toolbox4sii.fr\/index.php\/wp-json\/wp\/v2\/users\/1"}],"replies":[{"embeddable":true,"href":"https:\/\/toolbox4sii.fr\/index.php\/wp-json\/wp\/v2\/comments?post=2"}],"version-history":[{"count":4,"href":"https:\/\/toolbox4sii.fr\/index.php\/wp-json\/wp\/v2\/pages\/2\/revisions"}],"predecessor-version":[{"id":387,"href":"https:\/\/toolbox4sii.fr\/index.php\/wp-json\/wp\/v2\/pages\/2\/revisions\/387"}],"wp:attachment":[{"href":"https:\/\/toolbox4sii.fr\/index.php\/wp-json\/wp\/v2\/media?parent=2"}],"curies":[{"name":"wp","href":"https:\/\/api.w.org\/{rel}","templated":true}]}}